{"id":214,"date":"2008-04-17T12:29:28","date_gmt":"2008-04-17T10:29:28","guid":{"rendered":"http:\/\/www.mist3bs.de\/?page_id=214"},"modified":"2021-12-10T19:04:44","modified_gmt":"2021-12-10T17:04:44","slug":"besuch-beim-mist1-am-25-01-2008","status":"publish","type":"page","link":"https:\/\/mist3bs.de\/?page_id=214","title":{"rendered":"Besuch beim Mist1 am 25.01.2008"},"content":{"rendered":"<p>Ganz spontan entschlossen sich Michael und ich den <a href=\"http:\/\/mist1.de\/\" target=\"_blank\" rel=\"noopener\">Mist1<\/a> Stammtisch in Berlin zu besuchen. Wer Michael kennt, wei\u00df dass man ihn f\u00fcr so etwas schnell begeistern kann. Es hat auch nicht lange gedauert, da stand er auch schon bei mir vor der T\u00fcr. Nicht umsonst wird gesagt, dass der Harz ein Vorort Berlins sei. Schnell die Fahrzeuge getauscht und ab ging es ins Herz Berlins, nach Kreuzberg. Dem Landei wollte ich die Fahrt in die Gro\u00dfstadt doch nicht zumuten. Auf wundersame Weise fanden wir auch sofort einen Parkplatz ganz in der N\u00e4he des Max &amp; Moritz.<br \/>\nDie Lokalit\u00e4t stellte sich als Altberliner Kneipe heraus. Hier soll was mit Modelleisenbahn stattfinden? Nun standen wir da und wussten nicht ob wir \u00fcberhaupt richtig waren.<br \/>\nDie Bedienung hat unsere Hilflosigkeit sofort erkannt und uns nach oben in den Saal geleitet.<br \/>\nStellt sich die Frage, woher sie wusste wo wir hin wollten. Wahrscheinlich hat sie es an Michaels VT erkannt, den er krampfhaft unter dem Arm hielt.<\/p>\n<p>Da waren wir nun!<br \/>\nIn den heiligen Hallen des M\u00e4rklin Insider Stammtisches Berlin\/Brandenburg.<br \/>\nSofort kam Frank und begr\u00fc\u00dfte uns aufs Herzlichste.<br \/>\nIrgendwie sah ich Michael die Entt\u00e4uschung an. Gro\u00dfer Saal, viele Tische und h\u00f6chstens zehn Leute da. Schnell stellte sich die Frage ob sich die Anreise wirklich gelohnt hat. Gut, jetzt ziehen wir das durch. Ich sah das aber locker. Wer die Berliner Mentalit\u00e4t kennt, wei\u00df nur zu gut, dass das Nachtleben erst viel sp\u00e4ter anf\u00e4ngt. Und in Kreuzberg sowieso.<br \/>\nMichaels Miene erhellte sich, als er Thomas entdeckte. Der meinte auch gleich, dass so ein Stammtisch bis morgens um Vier gehen kann. Irgendwie wirkte das nicht sehr glaubw\u00fcrdig. Im Nachhinein bin ich mir aber doch nicht mehr so sicher, ob da nicht doch was dran ist.<br \/>\nGanz gebannt sahen wir zu, wie die M\u00e4rklin Metallgleisanlage hervorgeholt wurde. Sie scheint ein festes Inventar des Max &amp; Moritz zu sein.<br \/>\nMan mag es der Anlage nicht ansehen, aber innerhalb Minuten l\u00e4sst sie sich von Analog auf Digitalbetrieb umstellen. Auch eine Tellermiene ist vorhanden. Die weiteren technischen <a href=\"http:\/\/mist1.de\/index.php\/2006\/07\/17\/die-mist1-anlage-ein-traum\/\" target=\"_blank\" rel=\"noopener\">Raffinessen<\/a> blieben mir jedoch verschlossen. Nicht umsonst scheint ein dickes Handbuch dazuzugeh\u00f6ren.<\/p>\nngg_shortcode_0_placeholder\n<p>W\u00e4hrend wir uns die Anlage so anschauten, f\u00fcllte sich schlagartig der Saal. Aus war mit der Ruhe. Immer mehr MISTler trafen ein und im Nu war der Saal gef\u00fcllt.<br \/>\nIrgendwie wirkte das alles wie ein geordnetes Chaos. Wir beide standen mit offenen M\u00fcndern da und glaubten uns in einer anderen Welt. \u00dcberall wurde gekramt und ausgepackt. Jeder Tisch hatte scheinbar ein anderes Thema. Wo eine Steckdose vorhanden war, bewegte sich auch etwas. Kurz gesagt, ein riesiger Workshop mit entsprechender Ger\u00e4uschkulisse.<br \/>\nDie Sch\u00e4tze die wir gezeigt bekamen, kannten wir bisher nur aus Katalogen oder vom H\u00f6rensagen. Wir kamen aus dem Staunen nicht mehr heraus.<\/p>\nngg_shortcode_1_placeholder\n<p>W\u00e4hrend mich Udo in das Feintuning seiner Lokomotiven einf\u00fchrte, verlor ich zeitweise Michael aus den Augen. Panik brach bei mir aus. Micha allein in Kreuzberg! Hoffentlich finde ich den wieder.<br \/>\nIch brauchte aber nie lange suchen. Da wo eine Menschentraube war, stand Michael mitten drin. Die Emsigkeit wurde j\u00e4h unterbrochen, als zum Abendessen aufgetischt wurde.<br \/>\nLob an die K\u00fcche: Exzellent !<\/p>\nngg_shortcode_2_placeholder\n<p>In den folgenden Gespr\u00e4chen wurden viele neue Kontakte gekn\u00fcpft und man versprach, unseren Stammtisch auch einmal zu besuchen. Als wir dann irgendwann im Auto sa\u00dfen, brauchten wir erst einmal eine Pause.Zu \u00fcberw\u00e4ltigend waren die Stimmung und die Eindr\u00fccke, die wir mitnehmen durften.<br \/>\nUnser Fazit: Ein unvergesslicher Abend mit sehr, sehr vielen netten Mobaversessenen.<br \/>\nWir waren begeistert und werden bestimmt wiederkommen.<\/p>\n<p>Berlin ist immer eine Reise wert.<\/p>\n","protected":false},"excerpt":{"rendered":"<p>Ganz spontan entschlossen sich Michael und ich den Mist1 Stammtisch in Berlin zu besuchen. Wer Michael kennt, wei\u00df dass man ihn f\u00fcr so etwas schnell begeistern kann. Es hat auch nicht lange gedauert, da stand er auch schon bei mir vor der T\u00fcr. Nicht umsonst wird gesagt, dass der Harz ein Vorort Berlins sei. Schnell [&hellip;]<\/p>\n","protected":false},"author":10,"featured_media":0,"parent":212,"menu_order":0,"comment_status":"closed","ping_status":"open","template":"","meta":{"ngg_post_thumbnail":0,"footnotes":""},"class_list":["post-214","page","type-page","status-publish","hentry"],"yoast_head":"<!-- This site is optimized with the Yoast SEO plugin v26.2 - https:\/\/yoast.com\/wordpress\/plugins\/seo\/ -->\n<title>Besuch beim Mist1 am 25.01.2008 - MIST3<\/title>\n<meta name=\"robots\" content=\"index, follow, max-snippet:-1, max-image-preview:large, max-video-preview:-1\" \/>\n<link rel=\"canonical\" href=\"https:\/\/mist3bs.de\/?page_id=214\" \/>\n<meta property=\"og:locale\" content=\"de_DE\" \/>\n<meta property=\"og:type\" content=\"article\" \/>\n<meta property=\"og:title\" content=\"Besuch beim Mist1 am 25.01.2008 - MIST3\" \/>\n<meta property=\"og:description\" content=\"Ganz spontan entschlossen sich Michael und ich den Mist1 Stammtisch in Berlin zu besuchen. Wer Michael kennt, wei\u00df dass man ihn f\u00fcr so etwas schnell begeistern kann. Es hat auch nicht lange gedauert, da stand er auch schon bei mir vor der T\u00fcr. Nicht umsonst wird gesagt, dass der Harz ein Vorort Berlins sei. Schnell [&hellip;]\" \/>\n<meta property=\"og:url\" content=\"https:\/\/mist3bs.de\/?page_id=214\" \/>\n<meta property=\"og:site_name\" content=\"MIST3\" \/>\n<meta property=\"article:modified_time\" content=\"2021-12-10T17:04:44+00:00\" \/>\n<meta name=\"twitter:card\" content=\"summary_large_image\" \/>\n<meta name=\"twitter:label1\" content=\"Gesch\u00e4tzte Lesezeit\" \/>\n\t<meta name=\"twitter:data1\" content=\"3\u00a0Minuten\" \/>\n<script type=\"application\/ld+json\" class=\"yoast-schema-graph\">{\"@context\":\"https:\/\/schema.org\",\"@graph\":[{\"@type\":\"WebPage\",\"@id\":\"https:\/\/mist3bs.de\/?page_id=214\",\"url\":\"https:\/\/mist3bs.de\/?page_id=214\",\"name\":\"Besuch beim Mist1 am 25.01.2008 - MIST3\",\"isPartOf\":{\"@id\":\"https:\/\/mist3bs.de\/#website\"},\"datePublished\":\"2008-04-17T10:29:28+00:00\",\"dateModified\":\"2021-12-10T17:04:44+00:00\",\"breadcrumb\":{\"@id\":\"https:\/\/mist3bs.de\/?page_id=214#breadcrumb\"},\"inLanguage\":\"de\",\"potentialAction\":[{\"@type\":\"ReadAction\",\"target\":[\"https:\/\/mist3bs.de\/?page_id=214\"]}]},{\"@type\":\"BreadcrumbList\",\"@id\":\"https:\/\/mist3bs.de\/?page_id=214#breadcrumb\",\"itemListElement\":[{\"@type\":\"ListItem\",\"position\":1,\"name\":\"Startseite\",\"item\":\"https:\/\/mist3bs.de\/\"},{\"@type\":\"ListItem\",\"position\":2,\"name\":\"Zu Gast bei anderen Stammtischen\",\"item\":\"https:\/\/mist3bs.de\/?page_id=212\"},{\"@type\":\"ListItem\",\"position\":3,\"name\":\"Besuch beim Mist1 am 25.01.2008\"}]},{\"@type\":\"WebSite\",\"@id\":\"https:\/\/mist3bs.de\/#website\",\"url\":\"https:\/\/mist3bs.de\/\",\"name\":\"MIST3\",\"description\":\"M\u00e4rklin Insiderstammtisch Braunschweig und Umgebung\",\"potentialAction\":[{\"@type\":\"SearchAction\",\"target\":{\"@type\":\"EntryPoint\",\"urlTemplate\":\"https:\/\/mist3bs.de\/?s={search_term_string}\"},\"query-input\":{\"@type\":\"PropertyValueSpecification\",\"valueRequired\":true,\"valueName\":\"search_term_string\"}}],\"inLanguage\":\"de\"}]}<\/script>\n<!-- \/ Yoast SEO plugin. -->","yoast_head_json":{"title":"Besuch beim Mist1 am 25.01.2008 - MIST3","robots":{"index":"index","follow":"follow","max-snippet":"max-snippet:-1","max-image-preview":"max-image-preview:large","max-video-preview":"max-video-preview:-1"},"canonical":"https:\/\/mist3bs.de\/?page_id=214","og_locale":"de_DE","og_type":"article","og_title":"Besuch beim Mist1 am 25.01.2008 - MIST3","og_description":"Ganz spontan entschlossen sich Michael und ich den Mist1 Stammtisch in Berlin zu besuchen. Wer Michael kennt, wei\u00df dass man ihn f\u00fcr so etwas schnell begeistern kann. Es hat auch nicht lange gedauert, da stand er auch schon bei mir vor der T\u00fcr. Nicht umsonst wird gesagt, dass der Harz ein Vorort Berlins sei. Schnell [&hellip;]","og_url":"https:\/\/mist3bs.de\/?page_id=214","og_site_name":"MIST3","article_modified_time":"2021-12-10T17:04:44+00:00","twitter_card":"summary_large_image","twitter_misc":{"Gesch\u00e4tzte Lesezeit":"3\u00a0Minuten"},"schema":{"@context":"https:\/\/schema.org","@graph":[{"@type":"WebPage","@id":"https:\/\/mist3bs.de\/?page_id=214","url":"https:\/\/mist3bs.de\/?page_id=214","name":"Besuch beim Mist1 am 25.01.2008 - MIST3","isPartOf":{"@id":"https:\/\/mist3bs.de\/#website"},"datePublished":"2008-04-17T10:29:28+00:00","dateModified":"2021-12-10T17:04:44+00:00","breadcrumb":{"@id":"https:\/\/mist3bs.de\/?page_id=214#breadcrumb"},"inLanguage":"de","potentialAction":[{"@type":"ReadAction","target":["https:\/\/mist3bs.de\/?page_id=214"]}]},{"@type":"BreadcrumbList","@id":"https:\/\/mist3bs.de\/?page_id=214#breadcrumb","itemListElement":[{"@type":"ListItem","position":1,"name":"Startseite","item":"https:\/\/mist3bs.de\/"},{"@type":"ListItem","position":2,"name":"Zu Gast bei anderen Stammtischen","item":"https:\/\/mist3bs.de\/?page_id=212"},{"@type":"ListItem","position":3,"name":"Besuch beim Mist1 am 25.01.2008"}]},{"@type":"WebSite","@id":"https:\/\/mist3bs.de\/#website","url":"https:\/\/mist3bs.de\/","name":"MIST3","description":"M\u00e4rklin Insiderstammtisch Braunschweig und Umgebung","potentialAction":[{"@type":"SearchAction","target":{"@type":"EntryPoint","urlTemplate":"https:\/\/mist3bs.de\/?s={search_term_string}"},"query-input":{"@type":"PropertyValueSpecification","valueRequired":true,"valueName":"search_term_string"}}],"inLanguage":"de"}]}},"_links":{"self":[{"href":"https:\/\/mist3bs.de\/index.php?rest_route=\/wp\/v2\/pages\/214","targetHints":{"allow":["GET"]}}],"collection":[{"href":"https:\/\/mist3bs.de\/index.php?rest_route=\/wp\/v2\/pages"}],"about":[{"href":"https:\/\/mist3bs.de\/index.php?rest_route=\/wp\/v2\/types\/page"}],"author":[{"embeddable":true,"href":"https:\/\/mist3bs.de\/index.php?rest_route=\/wp\/v2\/users\/10"}],"replies":[{"embeddable":true,"href":"https:\/\/mist3bs.de\/index.php?rest_route=%2Fwp%2Fv2%2Fcomments&post=214"}],"version-history":[{"count":19,"href":"https:\/\/mist3bs.de\/index.php?rest_route=\/wp\/v2\/pages\/214\/revisions"}],"predecessor-version":[{"id":6636,"href":"https:\/\/mist3bs.de\/index.php?rest_route=\/wp\/v2\/pages\/214\/revisions\/6636"}],"up":[{"embeddable":true,"href":"https:\/\/mist3bs.de\/index.php?rest_route=\/wp\/v2\/pages\/212"}],"wp:attachment":[{"href":"https:\/\/mist3bs.de\/index.php?rest_route=%2Fwp%2Fv2%2Fmedia&parent=214"}],"curies":[{"name":"wp","href":"https:\/\/api.w.org\/{rel}","templated":true}]}}