{"id":27,"date":"2009-09-09T20:00:09","date_gmt":"2009-09-09T18:00:09","guid":{"rendered":"http:\/\/www.mist3bs.de\/?page_id=27"},"modified":"2021-12-10T20:20:02","modified_gmt":"2021-12-10T18:20:02","slug":"impressum-copyright","status":"publish","type":"page","link":"https:\/\/mist3bs.de\/?page_id=27","title":{"rendered":"Impressum &#038; Copyright"},"content":{"rendered":"<p>Impressum &amp; Copyright<\/p>\n<p><strong>mist3bs.de:<\/strong> Die Webpr\u00e4senz des M\u00e4rklin Insider Stammtischs Braunschweig und Umgebung<\/p>\n<p>Auf diesen Seiten werden Informationen \u00fcber unsere Veranstaltungen und Einblicke in das Hobby unserer Mitglieder gegeben.<\/p>\n<p>Inhaltlich Verantwortlicher gem\u00e4\u00df \u00a7 10 Absatz 3 MDStV:<br \/>\nMichael Gregor<\/p>\n<p><strong>Haftungshinweis:<\/strong> Trotz sorgf\u00e4ltiger inhaltlicher Kontrolle \u00fcbernehme ich keine Haftung f\u00fcr die Inhalte externer Links. F\u00fcr den Inhalt der verlinkten Seiten sind ausschlie\u00dflich deren Betreiber verantwortlich.<\/p>\n<p><strong>Copyright:<\/strong> Alle Rechte vorbehalten. Text, Bilder, Grafiken, Sound, Animationen und Videos sowie deren Anordnung auf der mist3bs.de Website unterliegen dem Schutz des Urheberrechts und anderer Schutzgesetze. Der Inhalt dieser Website darf nicht kopiert, verbreitet, ver\u00e4ndert oder Dritten zug\u00e4nglich gemacht werden.<\/p>\n<p><strong>Keine Garantie:<\/strong> Diese Website wurde mit gr\u00f6\u00dftm\u00f6glicher Sorgfalt zusammengestellt. Trotzdem kann die Fehlerfreiheit und Genauigkeit der enthaltenen Informationen nicht garantieren werden. Die Portal-Betreiber schliessen jegliche Haftung f\u00fcr Sch\u00e4den, die direkt oder indirekt aus der Benutzung dieser Website entstehen, aus.<\/p>\n<p><strong>Copyright<\/strong><\/p>\n<p><em>Dieser Inhalt ist unter einer <a class=\"liexternal\" href=\"http:\/\/creativecommons.org\/licenses\/by-nc-nd\/2.0\/de\/\" target=\"_blank\" rel=\"license noopener\">Creative Commons-Lizenz<\/a>, Attribution Non-commercial No Derivatives (by-nc-nd), lizenziert.<\/em><\/p>\n","protected":false},"excerpt":{"rendered":"<p>Impressum &amp; Copyright mist3bs.de: Die Webpr\u00e4senz des M\u00e4rklin Insider Stammtischs Braunschweig und Umgebung Auf diesen Seiten werden Informationen \u00fcber unsere Veranstaltungen und Einblicke in das Hobby unserer Mitglieder gegeben. Inhaltlich Verantwortlicher gem\u00e4\u00df \u00a7 10 Absatz 3 MDStV: Michael Gregor Haftungshinweis: Trotz sorgf\u00e4ltiger inhaltlicher Kontrolle \u00fcbernehme ich keine Haftung f\u00fcr die Inhalte externer Links. F\u00fcr den [&hellip;]<\/p>\n","protected":false},"author":10,"featured_media":0,"parent":0,"menu_order":6,"comment_status":"closed","ping_status":"closed","template":"template-fullwidth.php","meta":{"ngg_post_thumbnail":0,"footnotes":""},"class_list":["post-27","page","type-page","status-publish","hentry"],"yoast_head":"<!-- This site is optimized with the Yoast SEO plugin v26.2 - https:\/\/yoast.com\/wordpress\/plugins\/seo\/ -->\n<title>Impressum &amp; Copyright - MIST3<\/title>\n<meta name=\"robots\" content=\"index, follow, max-snippet:-1, max-image-preview:large, max-video-preview:-1\" \/>\n<link rel=\"canonical\" href=\"https:\/\/mist3bs.de\/?page_id=27\" \/>\n<meta property=\"og:locale\" content=\"de_DE\" \/>\n<meta property=\"og:type\" content=\"article\" \/>\n<meta property=\"og:title\" content=\"Impressum &amp; Copyright - MIST3\" \/>\n<meta property=\"og:description\" content=\"Impressum &amp; Copyright mist3bs.de: Die Webpr\u00e4senz des M\u00e4rklin Insider Stammtischs Braunschweig und Umgebung Auf diesen Seiten werden Informationen \u00fcber unsere Veranstaltungen und Einblicke in das Hobby unserer Mitglieder gegeben. Inhaltlich Verantwortlicher gem\u00e4\u00df \u00a7 10 Absatz 3 MDStV: Michael Gregor Haftungshinweis: Trotz sorgf\u00e4ltiger inhaltlicher Kontrolle \u00fcbernehme ich keine Haftung f\u00fcr die Inhalte externer Links. F\u00fcr den [&hellip;]\" \/>\n<meta property=\"og:url\" content=\"https:\/\/mist3bs.de\/?page_id=27\" \/>\n<meta property=\"og:site_name\" content=\"MIST3\" \/>\n<meta property=\"article:modified_time\" content=\"2021-12-10T18:20:02+00:00\" \/>\n<meta name=\"twitter:card\" content=\"summary_large_image\" \/>\n<meta name=\"twitter:label1\" content=\"Gesch\u00e4tzte Lesezeit\" \/>\n\t<meta name=\"twitter:data1\" content=\"1\u00a0Minute\" \/>\n<script type=\"application\/ld+json\" class=\"yoast-schema-graph\">{\"@context\":\"https:\/\/schema.org\",\"@graph\":[{\"@type\":\"WebPage\",\"@id\":\"https:\/\/mist3bs.de\/?page_id=27\",\"url\":\"https:\/\/mist3bs.de\/?page_id=27\",\"name\":\"Impressum & Copyright - MIST3\",\"isPartOf\":{\"@id\":\"https:\/\/mist3bs.de\/#website\"},\"datePublished\":\"2009-09-09T18:00:09+00:00\",\"dateModified\":\"2021-12-10T18:20:02+00:00\",\"breadcrumb\":{\"@id\":\"https:\/\/mist3bs.de\/?page_id=27#breadcrumb\"},\"inLanguage\":\"de\",\"potentialAction\":[{\"@type\":\"ReadAction\",\"target\":[\"https:\/\/mist3bs.de\/?page_id=27\"]}]},{\"@type\":\"BreadcrumbList\",\"@id\":\"https:\/\/mist3bs.de\/?page_id=27#breadcrumb\",\"itemListElement\":[{\"@type\":\"ListItem\",\"position\":1,\"name\":\"Startseite\",\"item\":\"https:\/\/mist3bs.de\/\"},{\"@type\":\"ListItem\",\"position\":2,\"name\":\"Impressum &#038; Copyright\"}]},{\"@type\":\"WebSite\",\"@id\":\"https:\/\/mist3bs.de\/#website\",\"url\":\"https:\/\/mist3bs.de\/\",\"name\":\"MIST3\",\"description\":\"M\u00e4rklin Insiderstammtisch Braunschweig und Umgebung\",\"potentialAction\":[{\"@type\":\"SearchAction\",\"target\":{\"@type\":\"EntryPoint\",\"urlTemplate\":\"https:\/\/mist3bs.de\/?s={search_term_string}\"},\"query-input\":{\"@type\":\"PropertyValueSpecification\",\"valueRequired\":true,\"valueName\":\"search_term_string\"}}],\"inLanguage\":\"de\"}]}<\/script>\n<!-- \/ Yoast SEO plugin. -->","yoast_head_json":{"title":"Impressum & Copyright - MIST3","robots":{"index":"index","follow":"follow","max-snippet":"max-snippet:-1","max-image-preview":"max-image-preview:large","max-video-preview":"max-video-preview:-1"},"canonical":"https:\/\/mist3bs.de\/?page_id=27","og_locale":"de_DE","og_type":"article","og_title":"Impressum & Copyright - MIST3","og_description":"Impressum &amp; Copyright mist3bs.de: Die Webpr\u00e4senz des M\u00e4rklin Insider Stammtischs Braunschweig und Umgebung Auf diesen Seiten werden Informationen \u00fcber unsere Veranstaltungen und Einblicke in das Hobby unserer Mitglieder gegeben. Inhaltlich Verantwortlicher gem\u00e4\u00df \u00a7 10 Absatz 3 MDStV: Michael Gregor Haftungshinweis: Trotz sorgf\u00e4ltiger inhaltlicher Kontrolle \u00fcbernehme ich keine Haftung f\u00fcr die Inhalte externer Links. F\u00fcr den [&hellip;]","og_url":"https:\/\/mist3bs.de\/?page_id=27","og_site_name":"MIST3","article_modified_time":"2021-12-10T18:20:02+00:00","twitter_card":"summary_large_image","twitter_misc":{"Gesch\u00e4tzte Lesezeit":"1\u00a0Minute"},"schema":{"@context":"https:\/\/schema.org","@graph":[{"@type":"WebPage","@id":"https:\/\/mist3bs.de\/?page_id=27","url":"https:\/\/mist3bs.de\/?page_id=27","name":"Impressum & Copyright - MIST3","isPartOf":{"@id":"https:\/\/mist3bs.de\/#website"},"datePublished":"2009-09-09T18:00:09+00:00","dateModified":"2021-12-10T18:20:02+00:00","breadcrumb":{"@id":"https:\/\/mist3bs.de\/?page_id=27#breadcrumb"},"inLanguage":"de","potentialAction":[{"@type":"ReadAction","target":["https:\/\/mist3bs.de\/?page_id=27"]}]},{"@type":"BreadcrumbList","@id":"https:\/\/mist3bs.de\/?page_id=27#breadcrumb","itemListElement":[{"@type":"ListItem","position":1,"name":"Startseite","item":"https:\/\/mist3bs.de\/"},{"@type":"ListItem","position":2,"name":"Impressum &#038; Copyright"}]},{"@type":"WebSite","@id":"https:\/\/mist3bs.de\/#website","url":"https:\/\/mist3bs.de\/","name":"MIST3","description":"M\u00e4rklin Insiderstammtisch Braunschweig und Umgebung","potentialAction":[{"@type":"SearchAction","target":{"@type":"EntryPoint","urlTemplate":"https:\/\/mist3bs.de\/?s={search_term_string}"},"query-input":{"@type":"PropertyValueSpecification","valueRequired":true,"valueName":"search_term_string"}}],"inLanguage":"de"}]}},"_links":{"self":[{"href":"https:\/\/mist3bs.de\/index.php?rest_route=\/wp\/v2\/pages\/27","targetHints":{"allow":["GET"]}}],"collection":[{"href":"https:\/\/mist3bs.de\/index.php?rest_route=\/wp\/v2\/pages"}],"about":[{"href":"https:\/\/mist3bs.de\/index.php?rest_route=\/wp\/v2\/types\/page"}],"author":[{"embeddable":true,"href":"https:\/\/mist3bs.de\/index.php?rest_route=\/wp\/v2\/users\/10"}],"replies":[{"embeddable":true,"href":"https:\/\/mist3bs.de\/index.php?rest_route=%2Fwp%2Fv2%2Fcomments&post=27"}],"version-history":[{"count":6,"href":"https:\/\/mist3bs.de\/index.php?rest_route=\/wp\/v2\/pages\/27\/revisions"}],"predecessor-version":[{"id":6473,"href":"https:\/\/mist3bs.de\/index.php?rest_route=\/wp\/v2\/pages\/27\/revisions\/6473"}],"wp:attachment":[{"href":"https:\/\/mist3bs.de\/index.php?rest_route=%2Fwp%2Fv2%2Fmedia&parent=27"}],"curies":[{"name":"wp","href":"https:\/\/api.w.org\/{rel}","templated":true}]}}