{"id":405,"date":"2010-04-05T11:23:12","date_gmt":"2010-04-05T09:23:12","guid":{"rendered":"http:\/\/www.mist3bs.de\/?page_id=405"},"modified":"2021-12-10T19:05:01","modified_gmt":"2021-12-10T17:05:01","slug":"stammtisch-hi","status":"publish","type":"page","link":"https:\/\/mist3bs.de\/?page_id=405","title":{"rendered":"Stammtisch HI 26.03.2010"},"content":{"rendered":"<p>Leider waren, wegen der Ferien in Niedersachsen, der Stammtisch HI nicht besonders gut besucht.<br \/>\nWir hatten aber trotzdem sehr viel Spa\u00df und konnten Dank des Besuches einiger MIST 3er auch wieder Fahrbetrieb machen.<\/p>\n<p>Aber seht selbst:<\/p>\nngg_shortcode_0_placeholder\n<p>Der n\u00e4chste Stammtisch ist voraussichtlich am 30.04.2010.<\/p>\n<p>Wer interesse hat bitte melden. N\u00e4here Info\u00b4s dann pers\u00f6nlich.<br \/>\nWir freuen uns schon auf euren Besuch&#8230;.<\/p>\n","protected":false},"excerpt":{"rendered":"<p>Leider waren, wegen der Ferien in Niedersachsen, der Stammtisch HI nicht besonders gut besucht. Wir hatten aber trotzdem sehr viel Spa\u00df und konnten Dank des Besuches einiger MIST 3er auch wieder Fahrbetrieb machen. Aber seht selbst: Der n\u00e4chste Stammtisch ist voraussichtlich am 30.04.2010. Wer interesse hat bitte melden. N\u00e4here Info\u00b4s dann pers\u00f6nlich. Wir freuen uns [&hellip;]<\/p>\n","protected":false},"author":10,"featured_media":0,"parent":212,"menu_order":0,"comment_status":"closed","ping_status":"open","template":"","meta":{"ngg_post_thumbnail":0,"footnotes":""},"class_list":["post-405","page","type-page","status-publish","hentry"],"yoast_head":"<!-- This site is optimized with the Yoast SEO plugin v26.2 - https:\/\/yoast.com\/wordpress\/plugins\/seo\/ -->\n<title>Stammtisch HI 26.03.2010 - MIST3<\/title>\n<meta name=\"robots\" content=\"index, follow, max-snippet:-1, max-image-preview:large, max-video-preview:-1\" \/>\n<link rel=\"canonical\" href=\"https:\/\/mist3bs.de\/?page_id=405\" \/>\n<meta property=\"og:locale\" content=\"de_DE\" \/>\n<meta property=\"og:type\" content=\"article\" \/>\n<meta property=\"og:title\" content=\"Stammtisch HI 26.03.2010 - MIST3\" \/>\n<meta property=\"og:description\" content=\"Leider waren, wegen der Ferien in Niedersachsen, der Stammtisch HI nicht besonders gut besucht. Wir hatten aber trotzdem sehr viel Spa\u00df und konnten Dank des Besuches einiger MIST 3er auch wieder Fahrbetrieb machen. Aber seht selbst: Der n\u00e4chste Stammtisch ist voraussichtlich am 30.04.2010. Wer interesse hat bitte melden. N\u00e4here Info\u00b4s dann pers\u00f6nlich. Wir freuen uns [&hellip;]\" \/>\n<meta property=\"og:url\" content=\"https:\/\/mist3bs.de\/?page_id=405\" \/>\n<meta property=\"og:site_name\" content=\"MIST3\" \/>\n<meta property=\"article:modified_time\" content=\"2021-12-10T17:05:01+00:00\" \/>\n<meta name=\"twitter:card\" content=\"summary_large_image\" \/>\n<meta name=\"twitter:label1\" content=\"Gesch\u00e4tzte Lesezeit\" \/>\n\t<meta name=\"twitter:data1\" content=\"1\u00a0Minute\" \/>\n<script type=\"application\/ld+json\" class=\"yoast-schema-graph\">{\"@context\":\"https:\/\/schema.org\",\"@graph\":[{\"@type\":\"WebPage\",\"@id\":\"https:\/\/mist3bs.de\/?page_id=405\",\"url\":\"https:\/\/mist3bs.de\/?page_id=405\",\"name\":\"Stammtisch HI 26.03.2010 - MIST3\",\"isPartOf\":{\"@id\":\"https:\/\/mist3bs.de\/#website\"},\"datePublished\":\"2010-04-05T09:23:12+00:00\",\"dateModified\":\"2021-12-10T17:05:01+00:00\",\"breadcrumb\":{\"@id\":\"https:\/\/mist3bs.de\/?page_id=405#breadcrumb\"},\"inLanguage\":\"de\",\"potentialAction\":[{\"@type\":\"ReadAction\",\"target\":[\"https:\/\/mist3bs.de\/?page_id=405\"]}]},{\"@type\":\"BreadcrumbList\",\"@id\":\"https:\/\/mist3bs.de\/?page_id=405#breadcrumb\",\"itemListElement\":[{\"@type\":\"ListItem\",\"position\":1,\"name\":\"Startseite\",\"item\":\"https:\/\/mist3bs.de\/\"},{\"@type\":\"ListItem\",\"position\":2,\"name\":\"Zu Gast bei anderen Stammtischen\",\"item\":\"https:\/\/mist3bs.de\/?page_id=212\"},{\"@type\":\"ListItem\",\"position\":3,\"name\":\"Stammtisch HI 26.03.2010\"}]},{\"@type\":\"WebSite\",\"@id\":\"https:\/\/mist3bs.de\/#website\",\"url\":\"https:\/\/mist3bs.de\/\",\"name\":\"MIST3\",\"description\":\"M\u00e4rklin Insiderstammtisch Braunschweig und Umgebung\",\"potentialAction\":[{\"@type\":\"SearchAction\",\"target\":{\"@type\":\"EntryPoint\",\"urlTemplate\":\"https:\/\/mist3bs.de\/?s={search_term_string}\"},\"query-input\":{\"@type\":\"PropertyValueSpecification\",\"valueRequired\":true,\"valueName\":\"search_term_string\"}}],\"inLanguage\":\"de\"}]}<\/script>\n<!-- \/ Yoast SEO plugin. -->","yoast_head_json":{"title":"Stammtisch HI 26.03.2010 - MIST3","robots":{"index":"index","follow":"follow","max-snippet":"max-snippet:-1","max-image-preview":"max-image-preview:large","max-video-preview":"max-video-preview:-1"},"canonical":"https:\/\/mist3bs.de\/?page_id=405","og_locale":"de_DE","og_type":"article","og_title":"Stammtisch HI 26.03.2010 - MIST3","og_description":"Leider waren, wegen der Ferien in Niedersachsen, der Stammtisch HI nicht besonders gut besucht. Wir hatten aber trotzdem sehr viel Spa\u00df und konnten Dank des Besuches einiger MIST 3er auch wieder Fahrbetrieb machen. Aber seht selbst: Der n\u00e4chste Stammtisch ist voraussichtlich am 30.04.2010. Wer interesse hat bitte melden. N\u00e4here Info\u00b4s dann pers\u00f6nlich. Wir freuen uns [&hellip;]","og_url":"https:\/\/mist3bs.de\/?page_id=405","og_site_name":"MIST3","article_modified_time":"2021-12-10T17:05:01+00:00","twitter_card":"summary_large_image","twitter_misc":{"Gesch\u00e4tzte Lesezeit":"1\u00a0Minute"},"schema":{"@context":"https:\/\/schema.org","@graph":[{"@type":"WebPage","@id":"https:\/\/mist3bs.de\/?page_id=405","url":"https:\/\/mist3bs.de\/?page_id=405","name":"Stammtisch HI 26.03.2010 - MIST3","isPartOf":{"@id":"https:\/\/mist3bs.de\/#website"},"datePublished":"2010-04-05T09:23:12+00:00","dateModified":"2021-12-10T17:05:01+00:00","breadcrumb":{"@id":"https:\/\/mist3bs.de\/?page_id=405#breadcrumb"},"inLanguage":"de","potentialAction":[{"@type":"ReadAction","target":["https:\/\/mist3bs.de\/?page_id=405"]}]},{"@type":"BreadcrumbList","@id":"https:\/\/mist3bs.de\/?page_id=405#breadcrumb","itemListElement":[{"@type":"ListItem","position":1,"name":"Startseite","item":"https:\/\/mist3bs.de\/"},{"@type":"ListItem","position":2,"name":"Zu Gast bei anderen Stammtischen","item":"https:\/\/mist3bs.de\/?page_id=212"},{"@type":"ListItem","position":3,"name":"Stammtisch HI 26.03.2010"}]},{"@type":"WebSite","@id":"https:\/\/mist3bs.de\/#website","url":"https:\/\/mist3bs.de\/","name":"MIST3","description":"M\u00e4rklin Insiderstammtisch Braunschweig und Umgebung","potentialAction":[{"@type":"SearchAction","target":{"@type":"EntryPoint","urlTemplate":"https:\/\/mist3bs.de\/?s={search_term_string}"},"query-input":{"@type":"PropertyValueSpecification","valueRequired":true,"valueName":"search_term_string"}}],"inLanguage":"de"}]}},"_links":{"self":[{"href":"https:\/\/mist3bs.de\/index.php?rest_route=\/wp\/v2\/pages\/405","targetHints":{"allow":["GET"]}}],"collection":[{"href":"https:\/\/mist3bs.de\/index.php?rest_route=\/wp\/v2\/pages"}],"about":[{"href":"https:\/\/mist3bs.de\/index.php?rest_route=\/wp\/v2\/types\/page"}],"author":[{"embeddable":true,"href":"https:\/\/mist3bs.de\/index.php?rest_route=\/wp\/v2\/users\/10"}],"replies":[{"embeddable":true,"href":"https:\/\/mist3bs.de\/index.php?rest_route=%2Fwp%2Fv2%2Fcomments&post=405"}],"version-history":[{"count":5,"href":"https:\/\/mist3bs.de\/index.php?rest_route=\/wp\/v2\/pages\/405\/revisions"}],"predecessor-version":[{"id":721,"href":"https:\/\/mist3bs.de\/index.php?rest_route=\/wp\/v2\/pages\/405\/revisions\/721"}],"up":[{"embeddable":true,"href":"https:\/\/mist3bs.de\/index.php?rest_route=\/wp\/v2\/pages\/212"}],"wp:attachment":[{"href":"https:\/\/mist3bs.de\/index.php?rest_route=%2Fwp%2Fv2%2Fmedia&parent=405"}],"curies":[{"name":"wp","href":"https:\/\/api.w.org\/{rel}","templated":true}]}}