{"id":495,"date":"2010-09-11T23:23:41","date_gmt":"2010-09-11T21:23:41","guid":{"rendered":"http:\/\/www.mist3bs.de\/?page_id=495"},"modified":"2021-12-10T19:03:27","modified_gmt":"2021-12-10T17:03:27","slug":"berliner-dampflokfest-2010","status":"publish","type":"page","link":"https:\/\/mist3bs.de\/?page_id=495","title":{"rendered":"Berliner Dampflokfest 2010"},"content":{"rendered":"<p>Dieses Jahr \u00f6ffneten die <a href=\"http:\/\/dampflokfreunde-berlin.com\/\">Berliner Dampflokfreunde <\/a>unter dem Motto &#8222;175 Jahre Eisenbahn in Deutschland&#8220; allen Freunden des Echtdampfes seine Pforten. (<a href=\"http:\/\/www.rbb-online.de\/abendschau\/archiv\/archiv.media.%21etc%21medialib%21rbb%21rbb%21abendschau%21abendschau_20100911_bahn.html\" target=\"_blank\" rel=\"noopener\">rbb Videolink<\/a>)<br \/>\nSamstags stellt sich nat\u00fcrlich immer die Frage. Wie vermeidet man(n) den w\u00f6chentlichen Einkaufsstre\u00df ohne das der Haussegen schief steht? &#8222;Da ist ne ganz seltene Lok zu sehen&#8220; Um das zu untermauern wurde das Kind als Alibifunktion einget\u00fctet und ab ging es nach Sch\u00f6neweide.<br \/>\nDie bisher genutzen Gleisanlagen wurden leider zur\u00fcckgebaut so das sich die Hauptveranstaltung rund um den Lokschuppen abspielte. Und da wurde ordentlich &#8222;Betrieb&#8220; gemacht.<br \/>\nAlles was R\u00e4der hatte wurde auf die Drehscheibe gestellt und dem begeisterten Publikum genauestens erkl\u00e4rt. Zu sehen gab es die Vorbilder die fast jeder Modelleisenbahner auf seiner heimischen Anlage sein eigen nennen darf. Beim Anblick der imposanten Maschinen fiel mir jedoch auf das ich bei weiten doch noch nicht alles habe. Entsprechend habe ich dem Kind eingebleut das nur die ersten beiden Zahlen bei den Loknummern wichtig sind. Man baut ja f\u00fcr Weihnachten vor.<br \/>\nAnsonsten 44er, 52er, E44, K\u00f6f. Alles da. Selbstverst\u00e4ndlich durften auch die F\u00fchrerst\u00e4nde besichtigt werden. Das freundliche Bedienpersonal beantwortete mit viel Geduld jede erdenkliche Frage.<br \/>\nAllerdings lie\u00df ich als allwissender Vater es mir nicht nehmen die komplexe Technik einer Lokomotive selber zu erkl\u00e4ren. Kohle, Feuer, Dampf, Zylinder, Treibr\u00e4der :-). Hier hat man die M\u00f6glichkeit sein gesamtes Wissen anhand eines Praxisbeispieles auch einen technisch uninteressierten Grundsch\u00fcler nahezubringen.<\/p>\n<p>Nach einen st\u00e4rkenden Imbiss im guten alten Mitropa Speisewagen erkundeten wir den Lokschuppen. Neben Kaffee und Kuchen konnte man sich bei vielen H\u00e4ndlern das eine oder andere Schn\u00e4ppchen f\u00fcr die heimische Vitrine sichern.<\/p>\n<p>Die H\u00f6hepunkte bildeten die regelm\u00e4\u00dfigen Fahrten mit dem Traditionszug quer durch die Stadt. F\u00fcr einen geringen Betrag f\u00fchlte man sich f\u00fcr anderthalb Stunden in die Dampflokzeit zur\u00fcckversetzt. Jeden Reisenden wurde sofort klar weswegen das eingesetzte Wagenmaterial im Volksmund Donnerb\u00fcchsen genannt wurde.<\/p>\n<p>Nach mehren Stunden Aufenthalt endete auch dieser erlebnisreiche Tag im BW Sch\u00f6neweide. Das dieses wiederholt werden muss ist selbstverst\u00e4ndlich solange die abschlie\u00dfende Frage noch nicht gekl\u00e4rt ist&#8230;. &#8222;Papa. Wie machen die eigentlich das Dampf\u00f6l in den Schornstein?&#8220;<\/p>\n<p>Achso. Samstags haben hier die Gesch\u00e4fte bis 22:00 Uhr auf.<\/p>\nngg_shortcode_0_placeholder\n","protected":false},"excerpt":{"rendered":"<p>Dieses Jahr \u00f6ffneten die Berliner Dampflokfreunde unter dem Motto &#8222;175 Jahre Eisenbahn in Deutschland&#8220; allen Freunden des Echtdampfes seine Pforten. (rbb Videolink) Samstags stellt sich nat\u00fcrlich immer die Frage. Wie vermeidet man(n) den w\u00f6chentlichen Einkaufsstre\u00df ohne das der Haussegen schief steht? &#8222;Da ist ne ganz seltene Lok zu sehen&#8220; Um das zu untermauern wurde das [&hellip;]<\/p>\n","protected":false},"author":10,"featured_media":0,"parent":181,"menu_order":0,"comment_status":"closed","ping_status":"open","template":"","meta":{"ngg_post_thumbnail":0,"footnotes":""},"class_list":["post-495","page","type-page","status-publish","hentry"],"yoast_head":"<!-- This site is optimized with the Yoast SEO plugin v26.2 - https:\/\/yoast.com\/wordpress\/plugins\/seo\/ -->\n<title>Berliner Dampflokfest 2010 - MIST3<\/title>\n<meta name=\"robots\" content=\"index, follow, max-snippet:-1, max-image-preview:large, max-video-preview:-1\" \/>\n<link rel=\"canonical\" href=\"https:\/\/mist3bs.de\/?page_id=495\" \/>\n<meta property=\"og:locale\" content=\"de_DE\" \/>\n<meta property=\"og:type\" content=\"article\" \/>\n<meta property=\"og:title\" content=\"Berliner Dampflokfest 2010 - MIST3\" \/>\n<meta property=\"og:description\" content=\"Dieses Jahr \u00f6ffneten die Berliner Dampflokfreunde unter dem Motto &#8222;175 Jahre Eisenbahn in Deutschland&#8220; allen Freunden des Echtdampfes seine Pforten. (rbb Videolink) Samstags stellt sich nat\u00fcrlich immer die Frage. Wie vermeidet man(n) den w\u00f6chentlichen Einkaufsstre\u00df ohne das der Haussegen schief steht? &#8222;Da ist ne ganz seltene Lok zu sehen&#8220; Um das zu untermauern wurde das [&hellip;]\" \/>\n<meta property=\"og:url\" content=\"https:\/\/mist3bs.de\/?page_id=495\" \/>\n<meta property=\"og:site_name\" content=\"MIST3\" \/>\n<meta property=\"article:modified_time\" content=\"2021-12-10T17:03:27+00:00\" \/>\n<meta name=\"twitter:card\" content=\"summary_large_image\" \/>\n<meta name=\"twitter:label1\" content=\"Gesch\u00e4tzte Lesezeit\" \/>\n\t<meta name=\"twitter:data1\" content=\"2\u00a0Minuten\" \/>\n<script type=\"application\/ld+json\" class=\"yoast-schema-graph\">{\"@context\":\"https:\/\/schema.org\",\"@graph\":[{\"@type\":\"WebPage\",\"@id\":\"https:\/\/mist3bs.de\/?page_id=495\",\"url\":\"https:\/\/mist3bs.de\/?page_id=495\",\"name\":\"Berliner Dampflokfest 2010 - MIST3\",\"isPartOf\":{\"@id\":\"https:\/\/mist3bs.de\/#website\"},\"datePublished\":\"2010-09-11T21:23:41+00:00\",\"dateModified\":\"2021-12-10T17:03:27+00:00\",\"breadcrumb\":{\"@id\":\"https:\/\/mist3bs.de\/?page_id=495#breadcrumb\"},\"inLanguage\":\"de\",\"potentialAction\":[{\"@type\":\"ReadAction\",\"target\":[\"https:\/\/mist3bs.de\/?page_id=495\"]}]},{\"@type\":\"BreadcrumbList\",\"@id\":\"https:\/\/mist3bs.de\/?page_id=495#breadcrumb\",\"itemListElement\":[{\"@type\":\"ListItem\",\"position\":1,\"name\":\"Startseite\",\"item\":\"https:\/\/mist3bs.de\/\"},{\"@type\":\"ListItem\",\"position\":2,\"name\":\"Vorbildbesuche\",\"item\":\"https:\/\/mist3bs.de\/?page_id=181\"},{\"@type\":\"ListItem\",\"position\":3,\"name\":\"Berliner Dampflokfest 2010\"}]},{\"@type\":\"WebSite\",\"@id\":\"https:\/\/mist3bs.de\/#website\",\"url\":\"https:\/\/mist3bs.de\/\",\"name\":\"MIST3\",\"description\":\"M\u00e4rklin Insiderstammtisch Braunschweig und Umgebung\",\"potentialAction\":[{\"@type\":\"SearchAction\",\"target\":{\"@type\":\"EntryPoint\",\"urlTemplate\":\"https:\/\/mist3bs.de\/?s={search_term_string}\"},\"query-input\":{\"@type\":\"PropertyValueSpecification\",\"valueRequired\":true,\"valueName\":\"search_term_string\"}}],\"inLanguage\":\"de\"}]}<\/script>\n<!-- \/ Yoast SEO plugin. -->","yoast_head_json":{"title":"Berliner Dampflokfest 2010 - MIST3","robots":{"index":"index","follow":"follow","max-snippet":"max-snippet:-1","max-image-preview":"max-image-preview:large","max-video-preview":"max-video-preview:-1"},"canonical":"https:\/\/mist3bs.de\/?page_id=495","og_locale":"de_DE","og_type":"article","og_title":"Berliner Dampflokfest 2010 - MIST3","og_description":"Dieses Jahr \u00f6ffneten die Berliner Dampflokfreunde unter dem Motto &#8222;175 Jahre Eisenbahn in Deutschland&#8220; allen Freunden des Echtdampfes seine Pforten. (rbb Videolink) Samstags stellt sich nat\u00fcrlich immer die Frage. Wie vermeidet man(n) den w\u00f6chentlichen Einkaufsstre\u00df ohne das der Haussegen schief steht? &#8222;Da ist ne ganz seltene Lok zu sehen&#8220; Um das zu untermauern wurde das [&hellip;]","og_url":"https:\/\/mist3bs.de\/?page_id=495","og_site_name":"MIST3","article_modified_time":"2021-12-10T17:03:27+00:00","twitter_card":"summary_large_image","twitter_misc":{"Gesch\u00e4tzte Lesezeit":"2\u00a0Minuten"},"schema":{"@context":"https:\/\/schema.org","@graph":[{"@type":"WebPage","@id":"https:\/\/mist3bs.de\/?page_id=495","url":"https:\/\/mist3bs.de\/?page_id=495","name":"Berliner Dampflokfest 2010 - MIST3","isPartOf":{"@id":"https:\/\/mist3bs.de\/#website"},"datePublished":"2010-09-11T21:23:41+00:00","dateModified":"2021-12-10T17:03:27+00:00","breadcrumb":{"@id":"https:\/\/mist3bs.de\/?page_id=495#breadcrumb"},"inLanguage":"de","potentialAction":[{"@type":"ReadAction","target":["https:\/\/mist3bs.de\/?page_id=495"]}]},{"@type":"BreadcrumbList","@id":"https:\/\/mist3bs.de\/?page_id=495#breadcrumb","itemListElement":[{"@type":"ListItem","position":1,"name":"Startseite","item":"https:\/\/mist3bs.de\/"},{"@type":"ListItem","position":2,"name":"Vorbildbesuche","item":"https:\/\/mist3bs.de\/?page_id=181"},{"@type":"ListItem","position":3,"name":"Berliner Dampflokfest 2010"}]},{"@type":"WebSite","@id":"https:\/\/mist3bs.de\/#website","url":"https:\/\/mist3bs.de\/","name":"MIST3","description":"M\u00e4rklin Insiderstammtisch Braunschweig und Umgebung","potentialAction":[{"@type":"SearchAction","target":{"@type":"EntryPoint","urlTemplate":"https:\/\/mist3bs.de\/?s={search_term_string}"},"query-input":{"@type":"PropertyValueSpecification","valueRequired":true,"valueName":"search_term_string"}}],"inLanguage":"de"}]}},"_links":{"self":[{"href":"https:\/\/mist3bs.de\/index.php?rest_route=\/wp\/v2\/pages\/495","targetHints":{"allow":["GET"]}}],"collection":[{"href":"https:\/\/mist3bs.de\/index.php?rest_route=\/wp\/v2\/pages"}],"about":[{"href":"https:\/\/mist3bs.de\/index.php?rest_route=\/wp\/v2\/types\/page"}],"author":[{"embeddable":true,"href":"https:\/\/mist3bs.de\/index.php?rest_route=\/wp\/v2\/users\/10"}],"replies":[{"embeddable":true,"href":"https:\/\/mist3bs.de\/index.php?rest_route=%2Fwp%2Fv2%2Fcomments&post=495"}],"version-history":[{"count":8,"href":"https:\/\/mist3bs.de\/index.php?rest_route=\/wp\/v2\/pages\/495\/revisions"}],"predecessor-version":[{"id":6635,"href":"https:\/\/mist3bs.de\/index.php?rest_route=\/wp\/v2\/pages\/495\/revisions\/6635"}],"up":[{"embeddable":true,"href":"https:\/\/mist3bs.de\/index.php?rest_route=\/wp\/v2\/pages\/181"}],"wp:attachment":[{"href":"https:\/\/mist3bs.de\/index.php?rest_route=%2Fwp%2Fv2%2Fmedia&parent=495"}],"curies":[{"name":"wp","href":"https:\/\/api.w.org\/{rel}","templated":true}]}}